{"id":1504,"date":"2020-05-01T17:22:23","date_gmt":"2020-05-01T15:22:23","guid":{"rendered":"http:\/\/www.ebro-fishing.com\/?page_id=1504"},"modified":"2021-04-18T11:47:05","modified_gmt":"2021-04-18T09:47:05","slug":"odcisk","status":"publish","type":"page","link":"https:\/\/www.ebro-fishing.de\/pl\/odcisk\/","title":{"rendered":"odcisk"},"content":{"rendered":"<div id='welcome'  class='av-layout-grid-container av-xalsv-b56a99cd417c18721c6415fcd21504f0 entry-content-wrapper main_color av-fixed-cells  avia-builder-el-0  el_before_av_section  avia-builder-el-first   container_wrap sidebar_right'  >\n\n<style type=\"text\/css\" data-created_by=\"avia_inline_auto\" id=\"style-css-av-92p8fj-2310e8d3125549f10c23b3435c1ae38f\">\n.flex_cell.av-92p8fj-2310e8d3125549f10c23b3435c1ae38f{\nvertical-align:top;\nheight:15px;\nmin-height:15px;\nbackground-color:#229b3c;\n}\n.responsive #top #wrap_all .flex_cell.av-92p8fj-2310e8d3125549f10c23b3435c1ae38f{\npadding:0px 0px 0px 0px !important;\n}\n<\/style>\n<div class='flex_cell av-92p8fj-2310e8d3125549f10c23b3435c1ae38f av-gridrow-cell av_one_fourth no_margin  avia-builder-el-1  el_before_av_cell_one_fourth  avia-builder-el-first  av-zero-padding' ><div class='flex_cell_inner'><\/div><\/div>\n<style type=\"text\/css\" data-created_by=\"avia_inline_auto\" id=\"style-css-av-8tp4zr-47a1c56a8f945c8e0269072923024a4f\">\n.flex_cell.av-8tp4zr-47a1c56a8f945c8e0269072923024a4f{\nvertical-align:top;\nheight:15px;\nmin-height:15px;\nbackground-color:#3ea343;\n}\n.responsive #top #wrap_all .flex_cell.av-8tp4zr-47a1c56a8f945c8e0269072923024a4f{\npadding:0px 0px 0px 0px !important;\n}\n<\/style>\n<div class='flex_cell av-8tp4zr-47a1c56a8f945c8e0269072923024a4f av-gridrow-cell av_one_fourth no_margin  avia-builder-el-2  el_after_av_cell_one_fourth  el_before_av_cell_one_fourth  av-zero-padding' ><div class='flex_cell_inner'><\/div><\/div>\n<style type=\"text\/css\" data-created_by=\"avia_inline_auto\" id=\"style-css-av-8mh4nj-3ee8a9d53bc713b8140f5717fc135748\">\n.flex_cell.av-8mh4nj-3ee8a9d53bc713b8140f5717fc135748{\nvertical-align:top;\nheight:15px;\nmin-height:15px;\nbackground-color:#6abf48;\n}\n.responsive #top #wrap_all .flex_cell.av-8mh4nj-3ee8a9d53bc713b8140f5717fc135748{\npadding:0px 0px 0px 0px !important;\n}\n<\/style>\n<div class='flex_cell av-8mh4nj-3ee8a9d53bc713b8140f5717fc135748 av-gridrow-cell av_one_fourth no_margin  avia-builder-el-3  el_after_av_cell_one_fourth  el_before_av_cell_one_fourth  av-zero-padding' ><div class='flex_cell_inner'><\/div><\/div>\n<style type=\"text\/css\" data-created_by=\"avia_inline_auto\" id=\"style-css-av-8k0rbr-7484cd29004fdde732317810908bec9b\">\n.flex_cell.av-8k0rbr-7484cd29004fdde732317810908bec9b{\nvertical-align:top;\nheight:15px;\nmin-height:15px;\nbackground-color:#8fc181;\n}\n.responsive #top #wrap_all .flex_cell.av-8k0rbr-7484cd29004fdde732317810908bec9b{\npadding:0px 0px 0px 0px !important;\n}\n<\/style>\n<div class='flex_cell av-8k0rbr-7484cd29004fdde732317810908bec9b av-gridrow-cell av_one_fourth no_margin  avia-builder-el-4  el_after_av_cell_one_fourth  avia-builder-el-last  av-zero-padding' ><div class='flex_cell_inner'><\/div><\/div>\n<\/div>\n<div id='av_section_1'  class='avia-section av-wbqob-996527b62c0c34d911c4208d97c5a2a0 main_color avia-section-default avia-no-border-styling  avia-builder-el-5  el_after_av_layout_row  el_before_av_section  avia-bg-style-scroll container_wrap sidebar_right'  ><div class='container av-section-cont-open' ><div class='template-page content  av-content-small alpha units'><div class='post-entry post-entry-type-page post-entry-1504'><div class='entry-content-wrapper clearfix'>\n\n<style type=\"text\/css\" data-created_by=\"avia_inline_auto\" id=\"style-css-av-ska4r-492a77ad395f15573aa861b18a59ea43\">\n.flex_column.av-ska4r-492a77ad395f15573aa861b18a59ea43{\n-webkit-border-radius:0px 0px 0px 0px;\n-moz-border-radius:0px 0px 0px 0px;\nborder-radius:0px 0px 0px 0px;\npadding:0px 0px 0px 0px;\n}\n<\/style>\n<div class='flex_column av-ska4r-492a77ad395f15573aa861b18a59ea43 av_one_full  avia-builder-el-6  avia-builder-el-no-sibling  first flex_column_div av-zero-column-padding '     ><style type=\"text\/css\" data-created_by=\"avia_inline_auto\" id=\"style-css-av-k9ocfzuv-9bd40d89d6adf0bdb0018808f0f6840d\">\n#top .av-special-heading.av-k9ocfzuv-9bd40d89d6adf0bdb0018808f0f6840d{\npadding-bottom:10px;\n}\nbody .av-special-heading.av-k9ocfzuv-9bd40d89d6adf0bdb0018808f0f6840d .av-special-heading-tag .heading-char{\nfont-size:25px;\n}\n.av-special-heading.av-k9ocfzuv-9bd40d89d6adf0bdb0018808f0f6840d .av-subheading{\nfont-size:15px;\n}\n<\/style>\n<div  class='av-special-heading av-k9ocfzuv-9bd40d89d6adf0bdb0018808f0f6840d av-special-heading-h1  avia-builder-el-7  avia-builder-el-no-sibling '><h1 class='av-special-heading-tag'  itemprop=\"headline\"  >odcisk<\/h1><div class=\"special-heading-border\"><div class=\"special-heading-inner-border\"><\/div><\/div><\/div><\/div>\n\n<\/div><\/div><\/div><!-- close content main div --><\/div><\/div><div id='av_section_2'  class='avia-section av-jdowb-e2e2dbc69ca0185000e98de66e2e40f7 main_color avia-section-default avia-no-border-styling  avia-builder-el-8  el_after_av_section  avia-builder-el-last  avia-bg-style-scroll container_wrap sidebar_right'  ><div class='container av-section-cont-open' ><div class='template-page content  av-content-small alpha units'><div class='post-entry post-entry-type-page post-entry-1504'><div class='entry-content-wrapper clearfix'>\n\n<style type=\"text\/css\" data-created_by=\"avia_inline_auto\" id=\"style-css-av-dy7uz-6113ca7ede7a2e827211266de803a75b\">\n.flex_column.av-dy7uz-6113ca7ede7a2e827211266de803a75b{\n-webkit-border-radius:0px 0px 0px 0px;\n-moz-border-radius:0px 0px 0px 0px;\nborder-radius:0px 0px 0px 0px;\npadding:0px 0px 0px 0px;\n}\n<\/style>\n<div class='flex_column av-dy7uz-6113ca7ede7a2e827211266de803a75b av_one_half  avia-builder-el-9  el_before_av_one_half  avia-builder-el-first  first flex_column_div av-zero-column-padding '     ><section  class='av_textblock_section av-k9ocgf7m-e805cefcf8752d566c434985011279d4'  itemscope=\"itemscope\" itemtype=\"https:\/\/schema.org\/CreativeWork\" ><div class='avia_textblock'  itemprop=\"text\" ><h2>Zgodnie z \u00a7 5 TMG<\/h2>\n<p>Andreas Zellweger<br \/>\nCarretera Granja de Escarpe, km 1<br \/>\n50170 Mequinenza, Zaragoza Hiszpania<\/p>\n<p><strong>Reprezentowane przez:<\/strong><br \/>\nAndreas Zellweger<\/p>\n<h2>Kontakt<\/h2>\n<p>Telefon: 00 34 974 465 062<br \/>\nE-mail: service@ebro-fishing.com<\/p>\n<h2>Identyfikator podatkowy<\/h2>\n<p>Numer identyfikacji podatkowej zgodnie z \u00a7 27 ustawy o podatku obrotowym:<br \/>\nNIF: X2995184D<\/p>\n<h2>Odpowiedzialny za tre\u015b\u0107 zgodnie z \u00a7 55 ust. 2 RStV<\/h2>\n<p>Andreas Zellweger<br \/>\nCarretera Granja de Escarpe, km 1<br \/>\n50170 Mequinenza, Zaragoza Hiszpania<\/p>\n<h2>Rozstrzyganie spor\u00f3w w UE<\/h2>\n<p>Komisja Europejska zapewnia platform\u0119 do internetowego rozstrzygania spor\u00f3w (OS):<a href=\"https:\/\/ec.europa.eu\/consumers\/odr\" target=\"_blank\" rel=\"noopener noreferrer\"> https:\/\/ec.europa.eu\/consumers\/odr<\/a> .<br \/>\nNasz adres e-mail mo\u017cna znale\u017a\u0107 w powy\u017cszej informacji prawnej.<\/p>\n<h2>Rozstrzyganie spor\u00f3w konsumenckich \/ powszechna komisja arbitra\u017cowa<\/h2>\n<p>Nie bierzemy udzia\u0142u w procedurach rozstrzygania spor\u00f3w przed arbitra\u017cem konsumenckim, ale zasadniczo ich nie odrzucamy.<\/p>\n<\/div><\/section><\/div>\n<style type=\"text\/css\" data-created_by=\"avia_inline_auto\" id=\"style-css-av-ad943-cc3fb9579e9f907c3bba312e66f4ec59\">\n.flex_column.av-ad943-cc3fb9579e9f907c3bba312e66f4ec59{\n-webkit-border-radius:0px 0px 0px 0px;\n-moz-border-radius:0px 0px 0px 0px;\nborder-radius:0px 0px 0px 0px;\npadding:0px 0px 0px 0px;\n}\n<\/style>\n<div class='flex_column av-ad943-cc3fb9579e9f907c3bba312e66f4ec59 av_one_half  avia-builder-el-11  el_after_av_one_half  avia-builder-el-last  flex_column_div av-zero-column-padding '     ><section  class='av_textblock_section av-k9ocgf7m-e805cefcf8752d566c434985011279d4'  itemscope=\"itemscope\" itemtype=\"https:\/\/schema.org\/CreativeWork\" ><div class='avia_textblock'  itemprop=\"text\" ><h3>Odpowiedzialno\u015b\u0107 za tre\u015b\u0107<\/h3>\n<p>Jako us\u0142ugodawca post\u0119pujemy zgodnie z \u00a7 7 ust. 1 TMG odpowiada za w\u0142asne tre\u015bci na tych stronach zgodnie z og\u00f3lnym prawem. Zgodnie z \u00a7\u00a7 8 do 10 TMG, jako us\u0142ugodawca nie jeste\u015bmy zobowi\u0105zani do monitorowania przekazywanych lub przechowywanych informacji os\u00f3b trzecich ani do badania okoliczno\u015bci wskazuj\u0105cych na nielegaln\u0105 dzia\u0142alno\u015b\u0107.<\/p>\n<p>Zobowi\u0105zania do usuni\u0119cia lub zablokowania korzystania z informacji zgodnie z og\u00f3lnym prawem pozostaj\u0105 nienaruszone. Odpowiedzialno\u015b\u0107 w tym zakresie jest mo\u017cliwa dopiero od momentu, w kt\u00f3rym dowiemy si\u0119 o konkretnym naruszeniu prawa. Gdy tylko dowiemy si\u0119 o takich naruszeniach prawa, natychmiast usuniemy te tre\u015bci.<\/p>\n<h3>Odpowiedzialno\u015b\u0107 za linki<\/h3>\n<p>Nasza oferta zawiera linki do zewn\u0119trznych stron internetowych os\u00f3b trzecich, na kt\u00f3rych tre\u015b\u0107 nie mamy wp\u0142ywu. Dlatego nie mo\u017cemy ponosi\u0107 \u017cadnej odpowiedzialno\u015bci za te tre\u015bci zewn\u0119trzne. Za tre\u015b\u0107 stron, do kt\u00f3rych prowadz\u0105 linki, odpowiedzialny jest zawsze dostawca lub operator stron. Po\u0142\u0105czone strony zosta\u0142y sprawdzone pod k\u0105tem mo\u017cliwych narusze\u0144 prawa w momencie, gdy zosta\u0142y po\u0142\u0105czone. W momencie \u0142\u0105czenia nie znaleziono \u017cadnych nielegalnych tre\u015bci.<\/p>\n<p>Sta\u0142e monitorowanie tre\u015bci powi\u0105zanych stron nie jest uzasadnione bez konkretnych dowod\u00f3w naruszenia prawa. Je\u015bli dowiemy si\u0119 o naruszeniach prawa, natychmiast usuniemy takie linki.<\/p>\n<h3>prawa autorskie<\/h3>\n<p>Tre\u015bci i dzie\u0142a na tych stronach stworzone przez operatora strony podlegaj\u0105 niemieckiemu prawu autorskiemu. Powielanie, przetwarzanie, rozpowszechnianie i wszelkiego rodzaju wykorzystywanie poza granicami praw autorskich wymaga pisemnej zgody odpowiedniego autora lub tw\u00f3rcy. Pliki do pobrania i kopie tej witryny s\u0105 dozwolone wy\u0142\u0105cznie do prywatnego, niekomercyjnego u\u017cytku.<\/p>\n<p>O ile tre\u015bci na tej stronie nie zosta\u0142y stworzone przez operatora, przestrzegane s\u0105 prawa autorskie os\u00f3b trzecich. W szczeg\u00f3lno\u015bci tre\u015bci os\u00f3b trzecich s\u0105 jako takie oznaczone. Je\u015bli mimo wszystko dowiesz si\u0119 o naruszeniu praw autorskich, prosimy o poinformowanie nas o tym. Gdy tylko dowiemy si\u0119 o naruszeniach prawa, natychmiast usuniemy takie tre\u015bci.<\/p>\n<h3>Informacje o \u017ar\u00f3dle:<\/h3>\n<ul>\n<li>Ikony stworzone przez<a title=\"Freepik\" href=\"https:\/\/www.flaticon.com\/de\/autoren\/freepik\" rel=\"nofollow noopener\"> Freepik<\/a> od<a title=\"Flaticon\" href=\"https:\/\/www.flaticon.com\/de\/\" rel=\"nofollow noopener\"> www.flaticon.com<\/a><\/li>\n<\/ul>\n<\/div><\/section><\/div><\/div><\/div><\/div><!-- close content main div --><\/div><\/div><div id='after_section_2'  class='main_color av_default_container_wrap container_wrap sidebar_right'  ><div class='container av-section-cont-open' ><div class='template-page content  av-content-small alpha units'><div class='post-entry post-entry-type-page post-entry-1504'><div class='entry-content-wrapper clearfix'>\n","protected":false},"excerpt":{"rendered":"","protected":false},"author":1,"featured_media":0,"parent":0,"menu_order":13,"comment_status":"closed","ping_status":"closed","template":"","meta":{"_acf_changed":false,"footnotes":""},"class_list":["post-1504","page","type-page","status-publish","hentry"],"acf":[],"yoast_head":"<!-- This site is optimized with the Yoast SEO Premium plugin v24.9 (Yoast SEO v24.9) - https:\/\/yoast.com\/wordpress\/plugins\/seo\/ -->\n<title>Odcisk - Ebro Fishing<\/title>\n<meta name=\"robots\" content=\"index, follow, max-snippet:-1, max-image-preview:large, max-video-preview:-1\" \/>\n<link rel=\"canonical\" href=\"https:\/\/www.ebro-fishing.de\/pl\/odcisk\/\" \/>\n<meta property=\"og:locale\" content=\"pl_PL\" \/>\n<meta property=\"og:type\" content=\"article\" \/>\n<meta property=\"og:title\" content=\"odcisk\" \/>\n<meta property=\"og:url\" content=\"https:\/\/www.ebro-fishing.de\/pl\/odcisk\/\" \/>\n<meta property=\"og:site_name\" content=\"Ebro Fishing\" \/>\n<meta property=\"article:publisher\" content=\"https:\/\/www.facebook.com\/EbroLuxuryFishing\/\" \/>\n<meta property=\"article:modified_time\" content=\"2021-04-18T09:47:05+00:00\" \/>\n<meta property=\"og:image\" content=\"https:\/\/www.ebro-fishing.de\/wp-content\/uploads\/2020\/05\/fb-ebro-fishing-home-og-img.jpg\" \/>\n\t<meta property=\"og:image:width\" content=\"1200\" \/>\n\t<meta property=\"og:image:height\" content=\"627\" \/>\n\t<meta property=\"og:image:type\" content=\"image\/jpeg\" \/>\n<meta name=\"twitter:card\" content=\"summary_large_image\" \/>\n<script type=\"application\/ld+json\" class=\"yoast-schema-graph\">{\"@context\":\"https:\/\/schema.org\",\"@graph\":[{\"@type\":\"WebPage\",\"@id\":\"https:\/\/www.ebro-fishing.de\/pl\/odcisk\/\",\"url\":\"https:\/\/www.ebro-fishing.de\/pl\/odcisk\/\",\"name\":\"Odcisk - Ebro Fishing\",\"isPartOf\":{\"@id\":\"https:\/\/www.ebro-fishing.de\/pl\/#website\"},\"datePublished\":\"2020-05-01T15:22:23+00:00\",\"dateModified\":\"2021-04-18T09:47:05+00:00\",\"breadcrumb\":{\"@id\":\"https:\/\/www.ebro-fishing.de\/pl\/odcisk\/#breadcrumb\"},\"inLanguage\":\"pl-PL\",\"potentialAction\":[{\"@type\":\"ReadAction\",\"target\":[\"https:\/\/www.ebro-fishing.de\/pl\/odcisk\/\"]}]},{\"@type\":\"BreadcrumbList\",\"@id\":\"https:\/\/www.ebro-fishing.de\/pl\/odcisk\/#breadcrumb\",\"itemListElement\":[{\"@type\":\"ListItem\",\"position\":1,\"name\":\"Startseite\",\"item\":\"https:\/\/www.ebro-fishing.de\/pl\/wedkarstwo-ebro\/\"},{\"@type\":\"ListItem\",\"position\":2,\"name\":\"odcisk\"}]},{\"@type\":\"WebSite\",\"@id\":\"https:\/\/www.ebro-fishing.de\/pl\/#website\",\"url\":\"https:\/\/www.ebro-fishing.de\/pl\/\",\"name\":\"Ebro Fishing\",\"description\":\"Dein Angelhotel am Ebro\",\"publisher\":{\"@id\":\"https:\/\/www.ebro-fishing.de\/pl\/#organization\"},\"potentialAction\":[{\"@type\":\"SearchAction\",\"target\":{\"@type\":\"EntryPoint\",\"urlTemplate\":\"https:\/\/www.ebro-fishing.de\/pl\/?s={search_term_string}\"},\"query-input\":{\"@type\":\"PropertyValueSpecification\",\"valueRequired\":true,\"valueName\":\"search_term_string\"}}],\"inLanguage\":\"pl-PL\"},{\"@type\":[\"Organization\",\"Place\",\"LodgingBusiness\"],\"@id\":\"https:\/\/www.ebro-fishing.de\/pl\/#organization\",\"name\":\"Ebro Fishing Angelcamp Mequinenza\",\"url\":\"https:\/\/www.ebro-fishing.de\/pl\/\",\"logo\":{\"@id\":\"https:\/\/www.ebro-fishing.de\/pl\/odcisk\/#local-main-organization-logo\"},\"image\":{\"@id\":\"https:\/\/www.ebro-fishing.de\/pl\/odcisk\/#local-main-organization-logo\"},\"sameAs\":[\"https:\/\/www.facebook.com\/EbroLuxuryFishing\/\"],\"address\":{\"@id\":\"https:\/\/www.ebro-fishing.de\/pl\/odcisk\/#local-main-place-address\"},\"geo\":{\"@type\":\"GeoCoordinates\",\"latitude\":\"41.369635\",\"longitude\":\"0.308245\"},\"telephone\":[\"+49 173 7444 046\",\"+34 688 332 242\"],\"openingHoursSpecification\":[{\"@type\":\"OpeningHoursSpecification\",\"dayOfWeek\":[\"Monday\",\"Tuesday\",\"Wednesday\",\"Thursday\",\"Friday\",\"Saturday\"],\"opens\":\"08:00\",\"closes\":\"20:00\"},{\"@type\":\"OpeningHoursSpecification\",\"dayOfWeek\":[\"Sunday\"],\"opens\":\"00:00\",\"closes\":\"00:00\"}],\"email\":\"service@ebro-fishing.com\",\"priceRange\":\"$$$\",\"currenciesAccepted\":\"EUR\",\"paymentAccepted\":\"Kreditkarte, \u00dcberweisung, Paypal\"},{\"@type\":\"PostalAddress\",\"@id\":\"https:\/\/www.ebro-fishing.de\/pl\/odcisk\/#local-main-place-address\",\"streetAddress\":\"Carretera Granja de Escarpe, km.1\",\"addressLocality\":\"Mequinenza\",\"postalCode\":\"50170\",\"addressRegion\":\"Zaragoza\",\"addressCountry\":\"ES\"},{\"@type\":\"ImageObject\",\"inLanguage\":\"pl-PL\",\"@id\":\"https:\/\/www.ebro-fishing.de\/pl\/odcisk\/#local-main-organization-logo\",\"url\":\"https:\/\/www.ebro-fishing.de\/wp-content\/uploads\/2020\/05\/logo_l.jpg\",\"contentUrl\":\"https:\/\/www.ebro-fishing.de\/wp-content\/uploads\/2020\/05\/logo_l.jpg\",\"width\":450,\"height\":450,\"caption\":\"Ebro Fishing Angelcamp Mequinenza\"}]}<\/script>\n<meta name=\"geo.placename\" content=\"Mequinenza\" \/>\n<meta name=\"geo.position\" content=\"41.369635;0.308245\" \/>\n<meta name=\"geo.region\" content=\"Hiszpania\" \/>\n<!-- \/ Yoast SEO Premium plugin. -->","yoast_head_json":{"title":"Odcisk - Ebro Fishing","robots":{"index":"index","follow":"follow","max-snippet":"max-snippet:-1","max-image-preview":"max-image-preview:large","max-video-preview":"max-video-preview:-1"},"canonical":"https:\/\/www.ebro-fishing.de\/pl\/odcisk\/","og_locale":"pl_PL","og_type":"article","og_title":"odcisk","og_url":"https:\/\/www.ebro-fishing.de\/pl\/odcisk\/","og_site_name":"Ebro Fishing","article_publisher":"https:\/\/www.facebook.com\/EbroLuxuryFishing\/","article_modified_time":"2021-04-18T09:47:05+00:00","og_image":[{"width":1200,"height":627,"url":"https:\/\/www.ebro-fishing.de\/wp-content\/uploads\/2020\/05\/fb-ebro-fishing-home-og-img.jpg","type":"image\/jpeg"}],"twitter_card":"summary_large_image","schema":{"@context":"https:\/\/schema.org","@graph":[{"@type":"WebPage","@id":"https:\/\/www.ebro-fishing.de\/pl\/odcisk\/","url":"https:\/\/www.ebro-fishing.de\/pl\/odcisk\/","name":"Odcisk - Ebro Fishing","isPartOf":{"@id":"https:\/\/www.ebro-fishing.de\/pl\/#website"},"datePublished":"2020-05-01T15:22:23+00:00","dateModified":"2021-04-18T09:47:05+00:00","breadcrumb":{"@id":"https:\/\/www.ebro-fishing.de\/pl\/odcisk\/#breadcrumb"},"inLanguage":"pl-PL","potentialAction":[{"@type":"ReadAction","target":["https:\/\/www.ebro-fishing.de\/pl\/odcisk\/"]}]},{"@type":"BreadcrumbList","@id":"https:\/\/www.ebro-fishing.de\/pl\/odcisk\/#breadcrumb","itemListElement":[{"@type":"ListItem","position":1,"name":"Startseite","item":"https:\/\/www.ebro-fishing.de\/pl\/wedkarstwo-ebro\/"},{"@type":"ListItem","position":2,"name":"odcisk"}]},{"@type":"WebSite","@id":"https:\/\/www.ebro-fishing.de\/pl\/#website","url":"https:\/\/www.ebro-fishing.de\/pl\/","name":"Ebro Fishing","description":"Dein Angelhotel am Ebro","publisher":{"@id":"https:\/\/www.ebro-fishing.de\/pl\/#organization"},"potentialAction":[{"@type":"SearchAction","target":{"@type":"EntryPoint","urlTemplate":"https:\/\/www.ebro-fishing.de\/pl\/?s={search_term_string}"},"query-input":{"@type":"PropertyValueSpecification","valueRequired":true,"valueName":"search_term_string"}}],"inLanguage":"pl-PL"},{"@type":["Organization","Place","LodgingBusiness"],"@id":"https:\/\/www.ebro-fishing.de\/pl\/#organization","name":"Ebro Fishing Angelcamp Mequinenza","url":"https:\/\/www.ebro-fishing.de\/pl\/","logo":{"@id":"https:\/\/www.ebro-fishing.de\/pl\/odcisk\/#local-main-organization-logo"},"image":{"@id":"https:\/\/www.ebro-fishing.de\/pl\/odcisk\/#local-main-organization-logo"},"sameAs":["https:\/\/www.facebook.com\/EbroLuxuryFishing\/"],"address":{"@id":"https:\/\/www.ebro-fishing.de\/pl\/odcisk\/#local-main-place-address"},"geo":{"@type":"GeoCoordinates","latitude":"41.369635","longitude":"0.308245"},"telephone":["+49 173 7444 046","+34 688 332 242"],"openingHoursSpecification":[{"@type":"OpeningHoursSpecification","dayOfWeek":["Monday","Tuesday","Wednesday","Thursday","Friday","Saturday"],"opens":"08:00","closes":"20:00"},{"@type":"OpeningHoursSpecification","dayOfWeek":["Sunday"],"opens":"00:00","closes":"00:00"}],"email":"service@ebro-fishing.com","priceRange":"$$$","currenciesAccepted":"EUR","paymentAccepted":"Kreditkarte, \u00dcberweisung, Paypal"},{"@type":"PostalAddress","@id":"https:\/\/www.ebro-fishing.de\/pl\/odcisk\/#local-main-place-address","streetAddress":"Carretera Granja de Escarpe, km.1","addressLocality":"Mequinenza","postalCode":"50170","addressRegion":"Zaragoza","addressCountry":"ES"},{"@type":"ImageObject","inLanguage":"pl-PL","@id":"https:\/\/www.ebro-fishing.de\/pl\/odcisk\/#local-main-organization-logo","url":"https:\/\/www.ebro-fishing.de\/wp-content\/uploads\/2020\/05\/logo_l.jpg","contentUrl":"https:\/\/www.ebro-fishing.de\/wp-content\/uploads\/2020\/05\/logo_l.jpg","width":450,"height":450,"caption":"Ebro Fishing Angelcamp Mequinenza"}]},"geo.placename":"Mequinenza","geo.position":{"lat":"41.369635","long":"0.308245"},"geo.region":"Hiszpania"},"_links":{"self":[{"href":"https:\/\/www.ebro-fishing.de\/pl\/wp-json\/wp\/v2\/pages\/1504","targetHints":{"allow":["GET"]}}],"collection":[{"href":"https:\/\/www.ebro-fishing.de\/pl\/wp-json\/wp\/v2\/pages"}],"about":[{"href":"https:\/\/www.ebro-fishing.de\/pl\/wp-json\/wp\/v2\/types\/page"}],"author":[{"embeddable":true,"href":"https:\/\/www.ebro-fishing.de\/pl\/wp-json\/wp\/v2\/users\/1"}],"replies":[{"embeddable":true,"href":"https:\/\/www.ebro-fishing.de\/pl\/wp-json\/wp\/v2\/comments?post=1504"}],"version-history":[{"count":0,"href":"https:\/\/www.ebro-fishing.de\/pl\/wp-json\/wp\/v2\/pages\/1504\/revisions"}],"wp:attachment":[{"href":"https:\/\/www.ebro-fishing.de\/pl\/wp-json\/wp\/v2\/media?parent=1504"}],"curies":[{"name":"wp","href":"https:\/\/api.w.org\/{rel}","templated":true}]}}