{"id":1747,"date":"2020-05-03T11:49:45","date_gmt":"2020-05-03T09:49:45","guid":{"rendered":"http:\/\/www.ebro-fishing.com\/?page_id=1747"},"modified":"2021-03-11T00:49:38","modified_gmt":"2021-03-10T23:49:38","slug":"sleva-zajistena","status":"publish","type":"page","link":"https:\/\/www.ebro-fishing.de\/cs\/sleva-zajistena\/","title":{"rendered":"Sleva zaji\u0161t\u011bna"},"content":{"rendered":"<div id='welcome'  class='av-layout-grid-container av-xalsv-b56a99cd417c18721c6415fcd21504f0 entry-content-wrapper main_color av-fixed-cells  avia-builder-el-0  el_before_av_section  avia-builder-el-first   container_wrap sidebar_right'  >\n\n<style type=\"text\/css\" data-created_by=\"avia_inline_auto\" id=\"style-css-av-92p8fj-2310e8d3125549f10c23b3435c1ae38f\">\n.flex_cell.av-92p8fj-2310e8d3125549f10c23b3435c1ae38f{\nvertical-align:top;\nheight:15px;\nmin-height:15px;\nbackground-color:#229b3c;\n}\n.responsive #top #wrap_all .flex_cell.av-92p8fj-2310e8d3125549f10c23b3435c1ae38f{\npadding:0px 0px 0px 0px !important;\n}\n<\/style>\n<div class='flex_cell av-92p8fj-2310e8d3125549f10c23b3435c1ae38f av-gridrow-cell av_one_fourth no_margin  avia-builder-el-1  el_before_av_cell_one_fourth  avia-builder-el-first  av-zero-padding' ><div class='flex_cell_inner'><\/div><\/div>\n<style type=\"text\/css\" data-created_by=\"avia_inline_auto\" id=\"style-css-av-8tp4zr-47a1c56a8f945c8e0269072923024a4f\">\n.flex_cell.av-8tp4zr-47a1c56a8f945c8e0269072923024a4f{\nvertical-align:top;\nheight:15px;\nmin-height:15px;\nbackground-color:#3ea343;\n}\n.responsive #top #wrap_all .flex_cell.av-8tp4zr-47a1c56a8f945c8e0269072923024a4f{\npadding:0px 0px 0px 0px !important;\n}\n<\/style>\n<div class='flex_cell av-8tp4zr-47a1c56a8f945c8e0269072923024a4f av-gridrow-cell av_one_fourth no_margin  avia-builder-el-2  el_after_av_cell_one_fourth  el_before_av_cell_one_fourth  av-zero-padding' ><div class='flex_cell_inner'><\/div><\/div>\n<style type=\"text\/css\" data-created_by=\"avia_inline_auto\" id=\"style-css-av-8mh4nj-3ee8a9d53bc713b8140f5717fc135748\">\n.flex_cell.av-8mh4nj-3ee8a9d53bc713b8140f5717fc135748{\nvertical-align:top;\nheight:15px;\nmin-height:15px;\nbackground-color:#6abf48;\n}\n.responsive #top #wrap_all .flex_cell.av-8mh4nj-3ee8a9d53bc713b8140f5717fc135748{\npadding:0px 0px 0px 0px !important;\n}\n<\/style>\n<div class='flex_cell av-8mh4nj-3ee8a9d53bc713b8140f5717fc135748 av-gridrow-cell av_one_fourth no_margin  avia-builder-el-3  el_after_av_cell_one_fourth  el_before_av_cell_one_fourth  av-zero-padding' ><div class='flex_cell_inner'><\/div><\/div>\n<style type=\"text\/css\" data-created_by=\"avia_inline_auto\" id=\"style-css-av-8k0rbr-7484cd29004fdde732317810908bec9b\">\n.flex_cell.av-8k0rbr-7484cd29004fdde732317810908bec9b{\nvertical-align:top;\nheight:15px;\nmin-height:15px;\nbackground-color:#8fc181;\n}\n.responsive #top #wrap_all .flex_cell.av-8k0rbr-7484cd29004fdde732317810908bec9b{\npadding:0px 0px 0px 0px !important;\n}\n<\/style>\n<div class='flex_cell av-8k0rbr-7484cd29004fdde732317810908bec9b av-gridrow-cell av_one_fourth no_margin  avia-builder-el-4  el_after_av_cell_one_fourth  avia-builder-el-last  av-zero-padding' ><div class='flex_cell_inner'><\/div><\/div>\n<\/div>\n<div id='av_section_1'  class='avia-section av-1jads-86964152053b49163a8a8264643b3f6a main_color avia-section-default avia-no-border-styling  avia-builder-el-5  el_after_av_layout_row  avia-builder-el-last  avia-bg-style-scroll container_wrap sidebar_right'  ><div class='container av-section-cont-open' ><div class='template-page content  av-content-small alpha units'><div class='post-entry post-entry-type-page post-entry-1747'><div class='entry-content-wrapper clearfix'>\n\n<style type=\"text\/css\" data-created_by=\"avia_inline_auto\" id=\"style-css-av-bvv6w-fb23b14c23d18cb8c52fe5f2159953a7\">\n.flex_column.av-bvv6w-fb23b14c23d18cb8c52fe5f2159953a7{\n-webkit-border-radius:0px 0px 0px 0px;\n-moz-border-radius:0px 0px 0px 0px;\nborder-radius:0px 0px 0px 0px;\npadding:0px 0px 0px 0px;\n}\n<\/style>\n<div class='flex_column av-bvv6w-fb23b14c23d18cb8c52fe5f2159953a7 av_one_full  avia-builder-el-6  el_before_av_one_fourth  avia-builder-el-first  first flex_column_div av-zero-column-padding '     ><style type=\"text\/css\" data-created_by=\"avia_inline_auto\" id=\"style-css-av-7tp0f-f23629eece2cbe13cf990851564bde11\">\n#top .av-special-heading.av-7tp0f-f23629eece2cbe13cf990851564bde11{\npadding-bottom:0;\n}\nbody .av-special-heading.av-7tp0f-f23629eece2cbe13cf990851564bde11 .av-special-heading-tag .heading-char{\nfont-size:25px;\n}\n.av-special-heading.av-7tp0f-f23629eece2cbe13cf990851564bde11 .av-subheading{\nfont-size:15px;\n}\n<\/style>\n<div  class='av-special-heading av-7tp0f-f23629eece2cbe13cf990851564bde11 av-special-heading-h1 custom-color-heading blockquote modern-quote modern-centered  avia-builder-el-7  avia-builder-el-no-sibling  invalid-custom-class-found'><h1 class='av-special-heading-tag'  itemprop=\"headline\"  >Zajistili jste slevu 50 \u20ac<\/h1><div class=\"special-heading-border\"><div class=\"special-heading-inner-border\"><\/div><\/div><\/div><\/div>\n<style type=\"text\/css\" data-created_by=\"avia_inline_auto\" id=\"style-css-av-ggbps-da2fd99195515e513e68ee57740bacbe\">\n.flex_column.av-ggbps-da2fd99195515e513e68ee57740bacbe{\n-webkit-border-radius:0px 0px 0px 0px;\n-moz-border-radius:0px 0px 0px 0px;\nborder-radius:0px 0px 0px 0px;\npadding:0px 0px 0px 0px;\n}\n<\/style>\n<div class='flex_column av-ggbps-da2fd99195515e513e68ee57740bacbe av_one_fourth  avia-builder-el-8  el_after_av_one_full  el_before_av_one_half  first flex_column_div av-zero-column-padding column-top-margin'     ><\/div>\n<style type=\"text\/css\" data-created_by=\"avia_inline_auto\" id=\"style-css-av-n20tc-66807d6742d313fe5329f7bdb034dfd8\">\n.flex_column.av-n20tc-66807d6742d313fe5329f7bdb034dfd8{\n-webkit-border-radius:0px 0px 0px 0px;\n-moz-border-radius:0px 0px 0px 0px;\nborder-radius:0px 0px 0px 0px;\npadding:0px 0px 0px 0px;\n}\n<\/style>\n<div class='flex_column av-n20tc-66807d6742d313fe5329f7bdb034dfd8 av_one_half  avia-builder-el-9  el_after_av_one_fourth  el_before_av_one_fourth  flex_column_div av-zero-column-padding column-top-margin'     ><section  class='av_textblock_section av-k9on8ek9-382bd5f828a96b50fba38a55129799cf'  itemscope=\"itemscope\" itemtype=\"https:\/\/schema.org\/CreativeWork\" ><div class='avia_textblock'  itemprop=\"text\" ><p style=\"text-align: center\">S pomoc\u00ed va\u0161eho jm\u00e9na a data narozen\u00ed v\u00e1s m\u016f\u017eeme p\u0159i rezervaci identifikovat.<\/p>\n<p style=\"text-align: center\">Dosud<strong> zeptat se<\/strong> my ty,<strong> v<\/strong> Va\u0161e<strong> J\u00edzdenek<\/strong> n\u00e1sleduj\u00edc\u00ed<strong> k\u00f3d<\/strong> A<strong> K\u0159estn\u00ed jm\u00e9no a p\u0159\u00edjmen\u00ed<\/strong> V\u010d.<strong> Datum narozen\u00ed<\/strong> bude up\u0159esn\u011bno<\/p>\n<p style=\"text-align: center\"><span style=\"font-size: 185%\">DROP50<\/span><\/p>\n<\/div><\/section><\/div>\n<style type=\"text\/css\" data-created_by=\"avia_inline_auto\" id=\"style-css-av-ggbps-4d57d1ea71bd4e855ec53c5c2fdc99e3\">\n.flex_column.av-ggbps-4d57d1ea71bd4e855ec53c5c2fdc99e3{\n-webkit-border-radius:0px 0px 0px 0px;\n-moz-border-radius:0px 0px 0px 0px;\nborder-radius:0px 0px 0px 0px;\npadding:0px 0px 0px 0px;\n}\n<\/style>\n<div class='flex_column av-ggbps-4d57d1ea71bd4e855ec53c5c2fdc99e3 av_one_fourth  avia-builder-el-11  el_after_av_one_half  avia-builder-el-last  flex_column_div av-zero-column-padding column-top-margin'     ><\/div><\/div><\/div><\/div><!-- close content main div --><\/div><\/div><div id='after_section_1'  class='main_color av_default_container_wrap container_wrap sidebar_right'  ><div class='container av-section-cont-open' ><div class='template-page content  av-content-small alpha units'><div class='post-entry post-entry-type-page post-entry-1747'><div class='entry-content-wrapper clearfix'>\n","protected":false},"excerpt":{"rendered":"","protected":false},"author":1,"featured_media":0,"parent":0,"menu_order":8,"comment_status":"closed","ping_status":"closed","template":"","meta":{"_acf_changed":false,"footnotes":""},"class_list":["post-1747","page","type-page","status-publish","hentry"],"acf":[],"yoast_head":"<!-- This site is optimized with the Yoast SEO Premium plugin v24.9 (Yoast SEO v24.9) - https:\/\/yoast.com\/wordpress\/plugins\/seo\/ -->\n<title>Sleva zaji\u0161t\u011bna<\/title>\n<meta name=\"robots\" content=\"noindex, nofollow\" \/>\n<meta property=\"og:locale\" content=\"cs_CZ\" \/>\n<meta property=\"og:type\" content=\"article\" \/>\n<meta property=\"og:title\" content=\"Sleva zaji\u0161t\u011bna\" \/>\n<meta property=\"og:url\" content=\"https:\/\/www.ebro-fishing.de\/cs\/sleva-zajistena\/\" \/>\n<meta property=\"og:site_name\" content=\"Ebro Fishing\" \/>\n<meta property=\"article:publisher\" content=\"https:\/\/www.facebook.com\/EbroLuxuryFishing\/\" \/>\n<meta property=\"article:modified_time\" content=\"2021-03-10T23:49:38+00:00\" \/>\n<meta property=\"og:image\" content=\"https:\/\/www.ebro-fishing.de\/wp-content\/uploads\/2020\/05\/fb-ebro-fishing-home-og-img.jpg\" \/>\n\t<meta property=\"og:image:width\" content=\"1200\" \/>\n\t<meta property=\"og:image:height\" content=\"627\" \/>\n\t<meta property=\"og:image:type\" content=\"image\/jpeg\" \/>\n<meta name=\"twitter:card\" content=\"summary_large_image\" \/>\n<script type=\"application\/ld+json\" class=\"yoast-schema-graph\">{\"@context\":\"https:\/\/schema.org\",\"@graph\":[{\"@type\":\"WebPage\",\"@id\":\"https:\/\/www.ebro-fishing.de\/cs\/sleva-zajistena\/\",\"url\":\"https:\/\/www.ebro-fishing.de\/cs\/sleva-zajistena\/\",\"name\":\"Sleva zaji\u0161t\u011bna\",\"isPartOf\":{\"@id\":\"https:\/\/www.ebro-fishing.de\/cs\/#website\"},\"datePublished\":\"2020-05-03T09:49:45+00:00\",\"dateModified\":\"2021-03-10T23:49:38+00:00\",\"breadcrumb\":{\"@id\":\"https:\/\/www.ebro-fishing.de\/cs\/sleva-zajistena\/#breadcrumb\"},\"inLanguage\":\"cs\",\"potentialAction\":[{\"@type\":\"ReadAction\",\"target\":[\"https:\/\/www.ebro-fishing.de\/cs\/sleva-zajistena\/\"]}]},{\"@type\":\"BreadcrumbList\",\"@id\":\"https:\/\/www.ebro-fishing.de\/cs\/sleva-zajistena\/#breadcrumb\",\"itemListElement\":[{\"@type\":\"ListItem\",\"position\":1,\"name\":\"Startseite\",\"item\":\"https:\/\/www.ebro-fishing.de\/cs\/\"},{\"@type\":\"ListItem\",\"position\":2,\"name\":\"Sleva zaji\u0161t\u011bna\"}]},{\"@type\":\"WebSite\",\"@id\":\"https:\/\/www.ebro-fishing.de\/cs\/#website\",\"url\":\"https:\/\/www.ebro-fishing.de\/cs\/\",\"name\":\"Ebro Fishing\",\"description\":\"Dein Angelhotel am Ebro\",\"publisher\":{\"@id\":\"https:\/\/www.ebro-fishing.de\/cs\/#organization\"},\"potentialAction\":[{\"@type\":\"SearchAction\",\"target\":{\"@type\":\"EntryPoint\",\"urlTemplate\":\"https:\/\/www.ebro-fishing.de\/cs\/?s={search_term_string}\"},\"query-input\":{\"@type\":\"PropertyValueSpecification\",\"valueRequired\":true,\"valueName\":\"search_term_string\"}}],\"inLanguage\":\"cs\"},{\"@type\":[\"Organization\",\"Place\",\"LodgingBusiness\"],\"@id\":\"https:\/\/www.ebro-fishing.de\/cs\/#organization\",\"name\":\"Ebro Fishing Angelcamp Mequinenza\",\"url\":\"https:\/\/www.ebro-fishing.de\/cs\/\",\"logo\":{\"@id\":\"https:\/\/www.ebro-fishing.de\/cs\/sleva-zajistena\/#local-main-organization-logo\"},\"image\":{\"@id\":\"https:\/\/www.ebro-fishing.de\/cs\/sleva-zajistena\/#local-main-organization-logo\"},\"sameAs\":[\"https:\/\/www.facebook.com\/EbroLuxuryFishing\/\"],\"address\":{\"@id\":\"https:\/\/www.ebro-fishing.de\/cs\/sleva-zajistena\/#local-main-place-address\"},\"geo\":{\"@type\":\"GeoCoordinates\",\"latitude\":\"41.369635\",\"longitude\":\"0.308245\"},\"telephone\":[\"+49 173 7444 046\",\"+34 688 332 242\"],\"openingHoursSpecification\":[{\"@type\":\"OpeningHoursSpecification\",\"dayOfWeek\":[\"Monday\",\"Tuesday\",\"Wednesday\",\"Thursday\",\"Friday\",\"Saturday\"],\"opens\":\"08:00\",\"closes\":\"20:00\"},{\"@type\":\"OpeningHoursSpecification\",\"dayOfWeek\":[\"Sunday\"],\"opens\":\"00:00\",\"closes\":\"00:00\"}],\"email\":\"service@ebro-fishing.com\",\"priceRange\":\"$$$\",\"currenciesAccepted\":\"EUR\",\"paymentAccepted\":\"Kreditkarte, \u00dcberweisung, Paypal\"},{\"@type\":\"PostalAddress\",\"@id\":\"https:\/\/www.ebro-fishing.de\/cs\/sleva-zajistena\/#local-main-place-address\",\"streetAddress\":\"Carretera Granja de Escarpe, km.1\",\"addressLocality\":\"Mequinenza\",\"postalCode\":\"50170\",\"addressRegion\":\"Zaragoza\",\"addressCountry\":\"ES\"},{\"@type\":\"ImageObject\",\"inLanguage\":\"cs\",\"@id\":\"https:\/\/www.ebro-fishing.de\/cs\/sleva-zajistena\/#local-main-organization-logo\",\"url\":\"https:\/\/www.ebro-fishing.de\/wp-content\/uploads\/2020\/05\/logo_l.jpg\",\"contentUrl\":\"https:\/\/www.ebro-fishing.de\/wp-content\/uploads\/2020\/05\/logo_l.jpg\",\"width\":450,\"height\":450,\"caption\":\"Ebro Fishing Angelcamp Mequinenza\"}]}<\/script>\n<meta name=\"geo.placename\" content=\"Mequinenza\" \/>\n<meta name=\"geo.position\" content=\"41.369635;0.308245\" \/>\n<meta name=\"geo.region\" content=\"\u0160pan\u011blsko\" \/>\n<!-- \/ Yoast SEO Premium plugin. -->","yoast_head_json":{"title":"Sleva zaji\u0161t\u011bna","robots":{"index":"noindex","follow":"nofollow"},"og_locale":"cs_CZ","og_type":"article","og_title":"Sleva zaji\u0161t\u011bna","og_url":"https:\/\/www.ebro-fishing.de\/cs\/sleva-zajistena\/","og_site_name":"Ebro Fishing","article_publisher":"https:\/\/www.facebook.com\/EbroLuxuryFishing\/","article_modified_time":"2021-03-10T23:49:38+00:00","og_image":[{"width":1200,"height":627,"url":"https:\/\/www.ebro-fishing.de\/wp-content\/uploads\/2020\/05\/fb-ebro-fishing-home-og-img.jpg","type":"image\/jpeg"}],"twitter_card":"summary_large_image","schema":{"@context":"https:\/\/schema.org","@graph":[{"@type":"WebPage","@id":"https:\/\/www.ebro-fishing.de\/cs\/sleva-zajistena\/","url":"https:\/\/www.ebro-fishing.de\/cs\/sleva-zajistena\/","name":"Sleva zaji\u0161t\u011bna","isPartOf":{"@id":"https:\/\/www.ebro-fishing.de\/cs\/#website"},"datePublished":"2020-05-03T09:49:45+00:00","dateModified":"2021-03-10T23:49:38+00:00","breadcrumb":{"@id":"https:\/\/www.ebro-fishing.de\/cs\/sleva-zajistena\/#breadcrumb"},"inLanguage":"cs","potentialAction":[{"@type":"ReadAction","target":["https:\/\/www.ebro-fishing.de\/cs\/sleva-zajistena\/"]}]},{"@type":"BreadcrumbList","@id":"https:\/\/www.ebro-fishing.de\/cs\/sleva-zajistena\/#breadcrumb","itemListElement":[{"@type":"ListItem","position":1,"name":"Startseite","item":"https:\/\/www.ebro-fishing.de\/cs\/"},{"@type":"ListItem","position":2,"name":"Sleva zaji\u0161t\u011bna"}]},{"@type":"WebSite","@id":"https:\/\/www.ebro-fishing.de\/cs\/#website","url":"https:\/\/www.ebro-fishing.de\/cs\/","name":"Ebro Fishing","description":"Dein Angelhotel am Ebro","publisher":{"@id":"https:\/\/www.ebro-fishing.de\/cs\/#organization"},"potentialAction":[{"@type":"SearchAction","target":{"@type":"EntryPoint","urlTemplate":"https:\/\/www.ebro-fishing.de\/cs\/?s={search_term_string}"},"query-input":{"@type":"PropertyValueSpecification","valueRequired":true,"valueName":"search_term_string"}}],"inLanguage":"cs"},{"@type":["Organization","Place","LodgingBusiness"],"@id":"https:\/\/www.ebro-fishing.de\/cs\/#organization","name":"Ebro Fishing Angelcamp Mequinenza","url":"https:\/\/www.ebro-fishing.de\/cs\/","logo":{"@id":"https:\/\/www.ebro-fishing.de\/cs\/sleva-zajistena\/#local-main-organization-logo"},"image":{"@id":"https:\/\/www.ebro-fishing.de\/cs\/sleva-zajistena\/#local-main-organization-logo"},"sameAs":["https:\/\/www.facebook.com\/EbroLuxuryFishing\/"],"address":{"@id":"https:\/\/www.ebro-fishing.de\/cs\/sleva-zajistena\/#local-main-place-address"},"geo":{"@type":"GeoCoordinates","latitude":"41.369635","longitude":"0.308245"},"telephone":["+49 173 7444 046","+34 688 332 242"],"openingHoursSpecification":[{"@type":"OpeningHoursSpecification","dayOfWeek":["Monday","Tuesday","Wednesday","Thursday","Friday","Saturday"],"opens":"08:00","closes":"20:00"},{"@type":"OpeningHoursSpecification","dayOfWeek":["Sunday"],"opens":"00:00","closes":"00:00"}],"email":"service@ebro-fishing.com","priceRange":"$$$","currenciesAccepted":"EUR","paymentAccepted":"Kreditkarte, \u00dcberweisung, Paypal"},{"@type":"PostalAddress","@id":"https:\/\/www.ebro-fishing.de\/cs\/sleva-zajistena\/#local-main-place-address","streetAddress":"Carretera Granja de Escarpe, km.1","addressLocality":"Mequinenza","postalCode":"50170","addressRegion":"Zaragoza","addressCountry":"ES"},{"@type":"ImageObject","inLanguage":"cs","@id":"https:\/\/www.ebro-fishing.de\/cs\/sleva-zajistena\/#local-main-organization-logo","url":"https:\/\/www.ebro-fishing.de\/wp-content\/uploads\/2020\/05\/logo_l.jpg","contentUrl":"https:\/\/www.ebro-fishing.de\/wp-content\/uploads\/2020\/05\/logo_l.jpg","width":450,"height":450,"caption":"Ebro Fishing Angelcamp Mequinenza"}]},"geo.placename":"Mequinenza","geo.position":{"lat":"41.369635","long":"0.308245"},"geo.region":"\u0160pan\u011blsko"},"_links":{"self":[{"href":"https:\/\/www.ebro-fishing.de\/cs\/wp-json\/wp\/v2\/pages\/1747","targetHints":{"allow":["GET"]}}],"collection":[{"href":"https:\/\/www.ebro-fishing.de\/cs\/wp-json\/wp\/v2\/pages"}],"about":[{"href":"https:\/\/www.ebro-fishing.de\/cs\/wp-json\/wp\/v2\/types\/page"}],"author":[{"embeddable":true,"href":"https:\/\/www.ebro-fishing.de\/cs\/wp-json\/wp\/v2\/users\/1"}],"replies":[{"embeddable":true,"href":"https:\/\/www.ebro-fishing.de\/cs\/wp-json\/wp\/v2\/comments?post=1747"}],"version-history":[{"count":0,"href":"https:\/\/www.ebro-fishing.de\/cs\/wp-json\/wp\/v2\/pages\/1747\/revisions"}],"wp:attachment":[{"href":"https:\/\/www.ebro-fishing.de\/cs\/wp-json\/wp\/v2\/media?parent=1747"}],"curies":[{"name":"wp","href":"https:\/\/api.w.org\/{rel}","templated":true}]}}