{"id":1503,"date":"2020-05-01T17:22:23","date_gmt":"2020-05-01T15:22:23","guid":{"rendered":"http:\/\/www.ebro-fishing.com\/?page_id=1503"},"modified":"2021-03-12T02:36:12","modified_gmt":"2021-03-12T01:36:12","slug":"impressum","status":"publish","type":"page","link":"https:\/\/www.ebro-fishing.de\/cs\/otisk\/","title":{"rendered":"Impressum"},"content":{"rendered":"<div id='welcome'  class='av-layout-grid-container av-xalsv-b56a99cd417c18721c6415fcd21504f0 entry-content-wrapper main_color av-fixed-cells  avia-builder-el-0  el_before_av_section  avia-builder-el-first   container_wrap sidebar_right'  >\n\n<style type=\"text\/css\" data-created_by=\"avia_inline_auto\" id=\"style-css-av-92p8fj-2310e8d3125549f10c23b3435c1ae38f\">\n.flex_cell.av-92p8fj-2310e8d3125549f10c23b3435c1ae38f{\nvertical-align:top;\nheight:15px;\nmin-height:15px;\nbackground-color:#229b3c;\n}\n.responsive #top #wrap_all .flex_cell.av-92p8fj-2310e8d3125549f10c23b3435c1ae38f{\npadding:0px 0px 0px 0px !important;\n}\n<\/style>\n<div class='flex_cell av-92p8fj-2310e8d3125549f10c23b3435c1ae38f av-gridrow-cell av_one_fourth no_margin  avia-builder-el-1  el_before_av_cell_one_fourth  avia-builder-el-first  av-zero-padding' ><div class='flex_cell_inner'><\/div><\/div>\n<style type=\"text\/css\" data-created_by=\"avia_inline_auto\" id=\"style-css-av-8tp4zr-47a1c56a8f945c8e0269072923024a4f\">\n.flex_cell.av-8tp4zr-47a1c56a8f945c8e0269072923024a4f{\nvertical-align:top;\nheight:15px;\nmin-height:15px;\nbackground-color:#3ea343;\n}\n.responsive #top #wrap_all .flex_cell.av-8tp4zr-47a1c56a8f945c8e0269072923024a4f{\npadding:0px 0px 0px 0px !important;\n}\n<\/style>\n<div class='flex_cell av-8tp4zr-47a1c56a8f945c8e0269072923024a4f av-gridrow-cell av_one_fourth no_margin  avia-builder-el-2  el_after_av_cell_one_fourth  el_before_av_cell_one_fourth  av-zero-padding' ><div class='flex_cell_inner'><\/div><\/div>\n<style type=\"text\/css\" data-created_by=\"avia_inline_auto\" id=\"style-css-av-8mh4nj-3ee8a9d53bc713b8140f5717fc135748\">\n.flex_cell.av-8mh4nj-3ee8a9d53bc713b8140f5717fc135748{\nvertical-align:top;\nheight:15px;\nmin-height:15px;\nbackground-color:#6abf48;\n}\n.responsive #top #wrap_all .flex_cell.av-8mh4nj-3ee8a9d53bc713b8140f5717fc135748{\npadding:0px 0px 0px 0px !important;\n}\n<\/style>\n<div class='flex_cell av-8mh4nj-3ee8a9d53bc713b8140f5717fc135748 av-gridrow-cell av_one_fourth no_margin  avia-builder-el-3  el_after_av_cell_one_fourth  el_before_av_cell_one_fourth  av-zero-padding' ><div class='flex_cell_inner'><\/div><\/div>\n<style type=\"text\/css\" data-created_by=\"avia_inline_auto\" id=\"style-css-av-8k0rbr-7484cd29004fdde732317810908bec9b\">\n.flex_cell.av-8k0rbr-7484cd29004fdde732317810908bec9b{\nvertical-align:top;\nheight:15px;\nmin-height:15px;\nbackground-color:#8fc181;\n}\n.responsive #top #wrap_all .flex_cell.av-8k0rbr-7484cd29004fdde732317810908bec9b{\npadding:0px 0px 0px 0px !important;\n}\n<\/style>\n<div class='flex_cell av-8k0rbr-7484cd29004fdde732317810908bec9b av-gridrow-cell av_one_fourth no_margin  avia-builder-el-4  el_after_av_cell_one_fourth  avia-builder-el-last  av-zero-padding' ><div class='flex_cell_inner'><\/div><\/div>\n<\/div>\n<div id='av_section_1'  class='avia-section av-wbqob-996527b62c0c34d911c4208d97c5a2a0 main_color avia-section-default avia-no-border-styling  avia-builder-el-5  el_after_av_layout_row  el_before_av_section  avia-bg-style-scroll container_wrap sidebar_right'  ><div class='container av-section-cont-open' ><div class='template-page content  av-content-small alpha units'><div class='post-entry post-entry-type-page post-entry-1503'><div class='entry-content-wrapper clearfix'>\n\n<style type=\"text\/css\" data-created_by=\"avia_inline_auto\" id=\"style-css-av-ska4r-492a77ad395f15573aa861b18a59ea43\">\n.flex_column.av-ska4r-492a77ad395f15573aa861b18a59ea43{\n-webkit-border-radius:0px 0px 0px 0px;\n-moz-border-radius:0px 0px 0px 0px;\nborder-radius:0px 0px 0px 0px;\npadding:0px 0px 0px 0px;\n}\n<\/style>\n<div class='flex_column av-ska4r-492a77ad395f15573aa861b18a59ea43 av_one_full  avia-builder-el-6  avia-builder-el-no-sibling  first flex_column_div av-zero-column-padding '     ><style type=\"text\/css\" data-created_by=\"avia_inline_auto\" id=\"style-css-av-k9ocfzuv-17853d59aeba30b29d55a6f1513ed203\">\n#top .av-special-heading.av-k9ocfzuv-17853d59aeba30b29d55a6f1513ed203{\npadding-bottom:10px;\n}\nbody .av-special-heading.av-k9ocfzuv-17853d59aeba30b29d55a6f1513ed203 .av-special-heading-tag .heading-char{\nfont-size:25px;\n}\n.av-special-heading.av-k9ocfzuv-17853d59aeba30b29d55a6f1513ed203 .av-subheading{\nfont-size:15px;\n}\n<\/style>\n<div  class='av-special-heading av-k9ocfzuv-17853d59aeba30b29d55a6f1513ed203 av-special-heading-h1  avia-builder-el-7  avia-builder-el-no-sibling '><h1 class='av-special-heading-tag'  itemprop=\"headline\"  >Impressum<\/h1><div class=\"special-heading-border\"><div class=\"special-heading-inner-border\"><\/div><\/div><\/div><\/div>\n\n<\/div><\/div><\/div><!-- close content main div --><\/div><\/div><div id='av_section_2'  class='avia-section av-jdowb-e2e2dbc69ca0185000e98de66e2e40f7 main_color avia-section-default avia-no-border-styling  avia-builder-el-8  el_after_av_section  avia-builder-el-last  avia-bg-style-scroll container_wrap sidebar_right'  ><div class='container av-section-cont-open' ><div class='template-page content  av-content-small alpha units'><div class='post-entry post-entry-type-page post-entry-1503'><div class='entry-content-wrapper clearfix'>\n\n<style type=\"text\/css\" data-created_by=\"avia_inline_auto\" id=\"style-css-av-dy7uz-6113ca7ede7a2e827211266de803a75b\">\n.flex_column.av-dy7uz-6113ca7ede7a2e827211266de803a75b{\n-webkit-border-radius:0px 0px 0px 0px;\n-moz-border-radius:0px 0px 0px 0px;\nborder-radius:0px 0px 0px 0px;\npadding:0px 0px 0px 0px;\n}\n<\/style>\n<div class='flex_column av-dy7uz-6113ca7ede7a2e827211266de803a75b av_one_half  avia-builder-el-9  el_before_av_one_half  avia-builder-el-first  first flex_column_div av-zero-column-padding '     ><section  class='av_textblock_section av-k9ocgf7m-e805cefcf8752d566c434985011279d4'  itemscope=\"itemscope\" itemtype=\"https:\/\/schema.org\/CreativeWork\" ><div class='avia_textblock'  itemprop=\"text\" ><h2>Podle \u00a7 5 TMG<\/h2>\n<p>Andreas Zellweger<br \/>\nCarretera Granja de Escarpe, km. 1<br \/>\n50170 Mequinenza, Zaragoza \u0160pan\u011blsko<\/p>\n<p><strong>Reprezentov\u00e1no:<\/strong><br \/>\nAndreas Zellweger<\/p>\n<h2>Kontakt<\/h2>\n<p>Telefon: 00 34 974 465 062<br \/>\nE-mail: service@ebro-fishing.com<\/p>\n<h2>DI\u010c<\/h2>\n<p>Identifika\u010dn\u00ed \u010d\u00edslo dan\u011b z obratu podle \u00a7 27 a z\u00e1kona o dani z obratu:<br \/>\nNIF: X2995184D<\/p>\n<h2>Odpov\u011bdn\u00fd za obsah podle \u00a7 55 Abs. 2 RStV<\/h2>\n<p>Andreas Zellweger<br \/>\nCarretera Granja de Escarpe, km. 1<br \/>\n50170 Mequinenza, Zaragoza \u0160pan\u011blsko<\/p>\n<h2>\u0158e\u0161en\u00ed spor\u016f EU<\/h2>\n<p>Evropsk\u00e1 komise poskytuje platformu pro \u0159e\u0161en\u00ed spor\u016f online (OS):<a href=\"https:\/\/ec.europa.eu\/consumers\/odr\" target=\"_blank\" rel=\"noopener noreferrer\"> https:\/\/ec.europa.eu\/consumers\/odr<\/a> .<br \/>\nNa\u0161e e-mailov\u00e1 adresa je uvedena v pr\u00e1vn\u00edm upozorn\u011bn\u00ed v\u00fd\u0161e.<\/p>\n<h2>\u0158e\u0161en\u00ed spot\u0159ebitelsk\u00fdch spor\u016f \/ univerz\u00e1ln\u00ed rozhod\u010d\u00ed sen\u00e1t<\/h2>\n<p>Ne\u00fa\u010dastn\u00edme se postup\u016f urovn\u00e1v\u00e1n\u00ed spor\u016f p\u0159ed spot\u0159ebitelsk\u00fdm rozhod\u010d\u00edm sen\u00e1tem, ale z\u00e1sadn\u011b je neodm\u00edt\u00e1me.<\/p>\n<\/div><\/section><\/div>\n<style type=\"text\/css\" data-created_by=\"avia_inline_auto\" id=\"style-css-av-ad943-cc3fb9579e9f907c3bba312e66f4ec59\">\n.flex_column.av-ad943-cc3fb9579e9f907c3bba312e66f4ec59{\n-webkit-border-radius:0px 0px 0px 0px;\n-moz-border-radius:0px 0px 0px 0px;\nborder-radius:0px 0px 0px 0px;\npadding:0px 0px 0px 0px;\n}\n<\/style>\n<div class='flex_column av-ad943-cc3fb9579e9f907c3bba312e66f4ec59 av_one_half  avia-builder-el-11  el_after_av_one_half  avia-builder-el-last  flex_column_div av-zero-column-padding '     ><section  class='av_textblock_section av-k9ocgf7m-e805cefcf8752d566c434985011279d4'  itemscope=\"itemscope\" itemtype=\"https:\/\/schema.org\/CreativeWork\" ><div class='avia_textblock'  itemprop=\"text\" ><h3>Odpov\u011bdnost za obsah<\/h3>\n<p>Jako poskytovatel slu\u017eeb jsme v souladu s odd\u00edlem 7 (1) TMG odpov\u00edd\u00e1 za vlastn\u00ed obsah na t\u011bchto str\u00e1nk\u00e1ch v souladu s obecn\u00fdmi z\u00e1kony. Podle \u00a7\u00a7 8 a\u017e 10 TMG jako poskytovatel slu\u017eeb nejsme povinni sledovat p\u0159en\u00e1\u0161en\u00e9 nebo ulo\u017een\u00e9 informace t\u0159et\u00edch stran ani vy\u0161et\u0159ovat okolnosti, kter\u00e9 nazna\u010duj\u00ed nez\u00e1konnou \u010dinnost.<\/p>\n<p>Povinnosti odstranit nebo blokovat pou\u017eit\u00ed informac\u00ed v souladu s obecn\u00fdmi z\u00e1kony z\u016fst\u00e1vaj\u00ed nedot\u010deny. Odpov\u011bdnost v tomto ohledu je mo\u017en\u00e1 pouze od okam\u017eiku, kdy se dozv\u00edme o konkr\u00e9tn\u00edm pr\u00e1vn\u00edm poru\u0161en\u00ed. Jakmile se o takov\u00fdch poru\u0161en\u00edch z\u00e1kona dozv\u00edme, tento obsah okam\u017eit\u011b odstran\u00edme.<\/p>\n<h3>Odpov\u011bdnost za odkazy<\/h3>\n<p>Na\u0161e nab\u00eddka obsahuje odkazy na extern\u00ed weby t\u0159et\u00edch stran, na jejich\u017e obsah nem\u00e1me \u017e\u00e1dn\u00fd vliv. Proto nem\u016f\u017eeme p\u0159ijmout \u017e\u00e1dnou odpov\u011bdnost za tento extern\u00ed obsah. Za obsah odkazovan\u00fdch str\u00e1nek je v\u017edy odpov\u011bdn\u00fd p\u0159\u00edslu\u0161n\u00fd poskytovatel nebo provozovatel str\u00e1nek. V dob\u011b, kdy byly propojeny, byly zkontrolov\u00e1ny mo\u017en\u00e9 pr\u00e1vn\u00ed poru\u0161en\u00ed. V dob\u011b propojen\u00ed nebyl nalezen \u017e\u00e1dn\u00fd neleg\u00e1ln\u00ed obsah.<\/p>\n<p>Trval\u00e9 sledov\u00e1n\u00ed obsahu odkazovan\u00fdch str\u00e1nek nen\u00ed p\u0159im\u011b\u0159en\u00e9 bez konkr\u00e9tn\u00edch d\u016fkaz\u016f o poru\u0161en\u00ed pr\u00e1vn\u00edch p\u0159edpis\u016f. Pokud zjist\u00edme poru\u0161en\u00ed pr\u00e1vn\u00edch p\u0159edpis\u016f, takov\u00e9 odkazy okam\u017eit\u011b odstran\u00edme.<\/p>\n<h3>autorsk\u00e1 pr\u00e1va<\/h3>\n<p>Obsah a d\u00edla na t\u011bchto str\u00e1nk\u00e1ch vytvo\u0159en\u00e1 provozovatelem webov\u00fdch str\u00e1nek podl\u00e9haj\u00ed n\u011bmeck\u00e9mu autorsk\u00e9mu z\u00e1konu. K reprodukci, zpracov\u00e1n\u00ed, distribuci a jak\u00e9mukoli vyu\u017e\u00edv\u00e1n\u00ed mimo hranice autorsk\u00fdch pr\u00e1v je nutn\u00fd p\u00edsemn\u00fd souhlas p\u0159\u00edslu\u0161n\u00e9ho autora nebo tv\u016frce. Stahov\u00e1n\u00ed a kopie t\u00e9to webov\u00e9 str\u00e1nky jsou povoleny pouze pro soukrom\u00e9, nekomer\u010dn\u00ed pou\u017eit\u00ed.<\/p>\n<p>Pokud obsah na tomto webu nebyl vytvo\u0159en provozovatelem, jsou dodr\u017eov\u00e1na autorsk\u00e1 pr\u00e1va t\u0159et\u00edch stran. Zejm\u00e9na obsahy t\u0159et\u00edch stran jsou takto ozna\u010deny. Pokud byste si p\u0159esto byli v\u011bdomi poru\u0161en\u00ed autorsk\u00fdch pr\u00e1v, \u017e\u00e1d\u00e1me v\u00e1s, abyste n\u00e1s o tom n\u00e1le\u017eit\u011b informovali. Jakmile zjist\u00edme poru\u0161en\u00ed pr\u00e1vn\u00edch p\u0159edpis\u016f, takov\u00fd obsah okam\u017eit\u011b odstran\u00edme.<\/p>\n<h3>Zdrojov\u00e9 informace:<\/h3>\n<ul>\n<li>Ikony vytvo\u0159en\u00e9 u\u017eivatelem<a title=\"Freepik\" href=\"https:\/\/www.flaticon.com\/de\/autoren\/freepik\" rel=\"nofollow noopener\"> Freepik<\/a> z<a title=\"Flaticon\" href=\"https:\/\/www.flaticon.com\/de\/\" rel=\"nofollow noopener\"> www.flaticon.com<\/a><\/li>\n<\/ul>\n<\/div><\/section><\/div><\/div><\/div><\/div><!-- close content main div --><\/div><\/div><div id='after_section_2'  class='main_color av_default_container_wrap container_wrap sidebar_right'  ><div class='container av-section-cont-open' ><div class='template-page content  av-content-small alpha units'><div class='post-entry post-entry-type-page post-entry-1503'><div class='entry-content-wrapper clearfix'>\n","protected":false},"excerpt":{"rendered":"","protected":false},"author":1,"featured_media":0,"parent":0,"menu_order":13,"comment_status":"closed","ping_status":"closed","template":"","meta":{"_acf_changed":false,"footnotes":""},"class_list":["post-1503","page","type-page","status-publish","hentry"],"acf":[],"yoast_head":"<!-- This site is optimized with the Yoast SEO Premium plugin v24.9 (Yoast SEO v24.9) - https:\/\/yoast.com\/wordpress\/plugins\/seo\/ -->\n<title>Otisk - Ebro Fishing<\/title>\n<meta name=\"robots\" content=\"index, follow, max-snippet:-1, max-image-preview:large, max-video-preview:-1\" \/>\n<link rel=\"canonical\" href=\"https:\/\/www.ebro-fishing.de\/cs\/otisk\/\" \/>\n<meta property=\"og:locale\" content=\"cs_CZ\" \/>\n<meta property=\"og:type\" content=\"article\" \/>\n<meta property=\"og:title\" content=\"Impressum\" \/>\n<meta property=\"og:url\" content=\"https:\/\/www.ebro-fishing.de\/cs\/otisk\/\" \/>\n<meta property=\"og:site_name\" content=\"Ebro Fishing\" \/>\n<meta property=\"article:publisher\" content=\"https:\/\/www.facebook.com\/EbroLuxuryFishing\/\" \/>\n<meta property=\"article:modified_time\" content=\"2021-03-12T01:36:12+00:00\" \/>\n<meta property=\"og:image\" content=\"https:\/\/www.ebro-fishing.de\/wp-content\/uploads\/2020\/05\/fb-ebro-fishing-home-og-img.jpg\" \/>\n\t<meta property=\"og:image:width\" content=\"1200\" \/>\n\t<meta property=\"og:image:height\" content=\"627\" \/>\n\t<meta property=\"og:image:type\" content=\"image\/jpeg\" \/>\n<meta name=\"twitter:card\" content=\"summary_large_image\" \/>\n<script type=\"application\/ld+json\" class=\"yoast-schema-graph\">{\"@context\":\"https:\/\/schema.org\",\"@graph\":[{\"@type\":\"WebPage\",\"@id\":\"https:\/\/www.ebro-fishing.de\/cs\/otisk\/\",\"url\":\"https:\/\/www.ebro-fishing.de\/cs\/otisk\/\",\"name\":\"Otisk - Ebro Fishing\",\"isPartOf\":{\"@id\":\"https:\/\/www.ebro-fishing.de\/cs\/#website\"},\"datePublished\":\"2020-05-01T15:22:23+00:00\",\"dateModified\":\"2021-03-12T01:36:12+00:00\",\"breadcrumb\":{\"@id\":\"https:\/\/www.ebro-fishing.de\/cs\/otisk\/#breadcrumb\"},\"inLanguage\":\"cs\",\"potentialAction\":[{\"@type\":\"ReadAction\",\"target\":[\"https:\/\/www.ebro-fishing.de\/cs\/otisk\/\"]}]},{\"@type\":\"BreadcrumbList\",\"@id\":\"https:\/\/www.ebro-fishing.de\/cs\/otisk\/#breadcrumb\",\"itemListElement\":[{\"@type\":\"ListItem\",\"position\":1,\"name\":\"Startseite\",\"item\":\"https:\/\/www.ebro-fishing.de\/cs\/\"},{\"@type\":\"ListItem\",\"position\":2,\"name\":\"Impressum\"}]},{\"@type\":\"WebSite\",\"@id\":\"https:\/\/www.ebro-fishing.de\/cs\/#website\",\"url\":\"https:\/\/www.ebro-fishing.de\/cs\/\",\"name\":\"Ebro Fishing\",\"description\":\"Dein Angelhotel am Ebro\",\"publisher\":{\"@id\":\"https:\/\/www.ebro-fishing.de\/cs\/#organization\"},\"potentialAction\":[{\"@type\":\"SearchAction\",\"target\":{\"@type\":\"EntryPoint\",\"urlTemplate\":\"https:\/\/www.ebro-fishing.de\/cs\/?s={search_term_string}\"},\"query-input\":{\"@type\":\"PropertyValueSpecification\",\"valueRequired\":true,\"valueName\":\"search_term_string\"}}],\"inLanguage\":\"cs\"},{\"@type\":[\"Organization\",\"Place\",\"LodgingBusiness\"],\"@id\":\"https:\/\/www.ebro-fishing.de\/cs\/#organization\",\"name\":\"Ebro Fishing Angelcamp Mequinenza\",\"url\":\"https:\/\/www.ebro-fishing.de\/cs\/\",\"logo\":{\"@id\":\"https:\/\/www.ebro-fishing.de\/cs\/otisk\/#local-main-organization-logo\"},\"image\":{\"@id\":\"https:\/\/www.ebro-fishing.de\/cs\/otisk\/#local-main-organization-logo\"},\"sameAs\":[\"https:\/\/www.facebook.com\/EbroLuxuryFishing\/\"],\"address\":{\"@id\":\"https:\/\/www.ebro-fishing.de\/cs\/otisk\/#local-main-place-address\"},\"geo\":{\"@type\":\"GeoCoordinates\",\"latitude\":\"41.369635\",\"longitude\":\"0.308245\"},\"telephone\":[\"+49 173 7444 046\",\"+34 688 332 242\"],\"openingHoursSpecification\":[{\"@type\":\"OpeningHoursSpecification\",\"dayOfWeek\":[\"Monday\",\"Tuesday\",\"Wednesday\",\"Thursday\",\"Friday\",\"Saturday\"],\"opens\":\"08:00\",\"closes\":\"20:00\"},{\"@type\":\"OpeningHoursSpecification\",\"dayOfWeek\":[\"Sunday\"],\"opens\":\"00:00\",\"closes\":\"00:00\"}],\"email\":\"service@ebro-fishing.com\",\"priceRange\":\"$$$\",\"currenciesAccepted\":\"EUR\",\"paymentAccepted\":\"Kreditkarte, \u00dcberweisung, Paypal\"},{\"@type\":\"PostalAddress\",\"@id\":\"https:\/\/www.ebro-fishing.de\/cs\/otisk\/#local-main-place-address\",\"streetAddress\":\"Carretera Granja de Escarpe, km.1\",\"addressLocality\":\"Mequinenza\",\"postalCode\":\"50170\",\"addressRegion\":\"Zaragoza\",\"addressCountry\":\"ES\"},{\"@type\":\"ImageObject\",\"inLanguage\":\"cs\",\"@id\":\"https:\/\/www.ebro-fishing.de\/cs\/otisk\/#local-main-organization-logo\",\"url\":\"https:\/\/www.ebro-fishing.de\/wp-content\/uploads\/2020\/05\/logo_l.jpg\",\"contentUrl\":\"https:\/\/www.ebro-fishing.de\/wp-content\/uploads\/2020\/05\/logo_l.jpg\",\"width\":450,\"height\":450,\"caption\":\"Ebro Fishing Angelcamp Mequinenza\"}]}<\/script>\n<meta name=\"geo.placename\" content=\"Mequinenza\" \/>\n<meta name=\"geo.position\" content=\"41.369635;0.308245\" \/>\n<meta name=\"geo.region\" content=\"\u0160pan\u011blsko\" \/>\n<!-- \/ Yoast SEO Premium plugin. -->","yoast_head_json":{"title":"Otisk - Ebro Fishing","robots":{"index":"index","follow":"follow","max-snippet":"max-snippet:-1","max-image-preview":"max-image-preview:large","max-video-preview":"max-video-preview:-1"},"canonical":"https:\/\/www.ebro-fishing.de\/cs\/otisk\/","og_locale":"cs_CZ","og_type":"article","og_title":"Impressum","og_url":"https:\/\/www.ebro-fishing.de\/cs\/otisk\/","og_site_name":"Ebro Fishing","article_publisher":"https:\/\/www.facebook.com\/EbroLuxuryFishing\/","article_modified_time":"2021-03-12T01:36:12+00:00","og_image":[{"width":1200,"height":627,"url":"https:\/\/www.ebro-fishing.de\/wp-content\/uploads\/2020\/05\/fb-ebro-fishing-home-og-img.jpg","type":"image\/jpeg"}],"twitter_card":"summary_large_image","schema":{"@context":"https:\/\/schema.org","@graph":[{"@type":"WebPage","@id":"https:\/\/www.ebro-fishing.de\/cs\/otisk\/","url":"https:\/\/www.ebro-fishing.de\/cs\/otisk\/","name":"Otisk - Ebro Fishing","isPartOf":{"@id":"https:\/\/www.ebro-fishing.de\/cs\/#website"},"datePublished":"2020-05-01T15:22:23+00:00","dateModified":"2021-03-12T01:36:12+00:00","breadcrumb":{"@id":"https:\/\/www.ebro-fishing.de\/cs\/otisk\/#breadcrumb"},"inLanguage":"cs","potentialAction":[{"@type":"ReadAction","target":["https:\/\/www.ebro-fishing.de\/cs\/otisk\/"]}]},{"@type":"BreadcrumbList","@id":"https:\/\/www.ebro-fishing.de\/cs\/otisk\/#breadcrumb","itemListElement":[{"@type":"ListItem","position":1,"name":"Startseite","item":"https:\/\/www.ebro-fishing.de\/cs\/"},{"@type":"ListItem","position":2,"name":"Impressum"}]},{"@type":"WebSite","@id":"https:\/\/www.ebro-fishing.de\/cs\/#website","url":"https:\/\/www.ebro-fishing.de\/cs\/","name":"Ebro Fishing","description":"Dein Angelhotel am Ebro","publisher":{"@id":"https:\/\/www.ebro-fishing.de\/cs\/#organization"},"potentialAction":[{"@type":"SearchAction","target":{"@type":"EntryPoint","urlTemplate":"https:\/\/www.ebro-fishing.de\/cs\/?s={search_term_string}"},"query-input":{"@type":"PropertyValueSpecification","valueRequired":true,"valueName":"search_term_string"}}],"inLanguage":"cs"},{"@type":["Organization","Place","LodgingBusiness"],"@id":"https:\/\/www.ebro-fishing.de\/cs\/#organization","name":"Ebro Fishing Angelcamp Mequinenza","url":"https:\/\/www.ebro-fishing.de\/cs\/","logo":{"@id":"https:\/\/www.ebro-fishing.de\/cs\/otisk\/#local-main-organization-logo"},"image":{"@id":"https:\/\/www.ebro-fishing.de\/cs\/otisk\/#local-main-organization-logo"},"sameAs":["https:\/\/www.facebook.com\/EbroLuxuryFishing\/"],"address":{"@id":"https:\/\/www.ebro-fishing.de\/cs\/otisk\/#local-main-place-address"},"geo":{"@type":"GeoCoordinates","latitude":"41.369635","longitude":"0.308245"},"telephone":["+49 173 7444 046","+34 688 332 242"],"openingHoursSpecification":[{"@type":"OpeningHoursSpecification","dayOfWeek":["Monday","Tuesday","Wednesday","Thursday","Friday","Saturday"],"opens":"08:00","closes":"20:00"},{"@type":"OpeningHoursSpecification","dayOfWeek":["Sunday"],"opens":"00:00","closes":"00:00"}],"email":"service@ebro-fishing.com","priceRange":"$$$","currenciesAccepted":"EUR","paymentAccepted":"Kreditkarte, \u00dcberweisung, Paypal"},{"@type":"PostalAddress","@id":"https:\/\/www.ebro-fishing.de\/cs\/otisk\/#local-main-place-address","streetAddress":"Carretera Granja de Escarpe, km.1","addressLocality":"Mequinenza","postalCode":"50170","addressRegion":"Zaragoza","addressCountry":"ES"},{"@type":"ImageObject","inLanguage":"cs","@id":"https:\/\/www.ebro-fishing.de\/cs\/otisk\/#local-main-organization-logo","url":"https:\/\/www.ebro-fishing.de\/wp-content\/uploads\/2020\/05\/logo_l.jpg","contentUrl":"https:\/\/www.ebro-fishing.de\/wp-content\/uploads\/2020\/05\/logo_l.jpg","width":450,"height":450,"caption":"Ebro Fishing Angelcamp Mequinenza"}]},"geo.placename":"Mequinenza","geo.position":{"lat":"41.369635","long":"0.308245"},"geo.region":"\u0160pan\u011blsko"},"_links":{"self":[{"href":"https:\/\/www.ebro-fishing.de\/cs\/wp-json\/wp\/v2\/pages\/1503","targetHints":{"allow":["GET"]}}],"collection":[{"href":"https:\/\/www.ebro-fishing.de\/cs\/wp-json\/wp\/v2\/pages"}],"about":[{"href":"https:\/\/www.ebro-fishing.de\/cs\/wp-json\/wp\/v2\/types\/page"}],"author":[{"embeddable":true,"href":"https:\/\/www.ebro-fishing.de\/cs\/wp-json\/wp\/v2\/users\/1"}],"replies":[{"embeddable":true,"href":"https:\/\/www.ebro-fishing.de\/cs\/wp-json\/wp\/v2\/comments?post=1503"}],"version-history":[{"count":0,"href":"https:\/\/www.ebro-fishing.de\/cs\/wp-json\/wp\/v2\/pages\/1503\/revisions"}],"wp:attachment":[{"href":"https:\/\/www.ebro-fishing.de\/cs\/wp-json\/wp\/v2\/media?parent=1503"}],"curies":[{"name":"wp","href":"https:\/\/api.w.org\/{rel}","templated":true}]}}